{"id":2359,"date":"2022-06-09T14:13:26","date_gmt":"2022-06-09T14:13:26","guid":{"rendered":"http:\/\/iga.edu.co\/?page_id=2359"},"modified":"2022-11-23T20:35:20","modified_gmt":"2022-11-23T20:35:20","slug":"sedes-y-jornadas","status":"publish","type":"page","link":"https:\/\/iga.edu.co\/index.php\/sedes-y-jornadas\/","title":{"rendered":"Sedes y Jornadas"},"content":{"rendered":"\t\t<div data-elementor-type=\"wp-page\" data-elementor-id=\"2359\" class=\"elementor elementor-2359\">\n\t\t\t\t\t\t\t\t\t<section class=\"elementor-section elementor-top-section elementor-element elementor-element-148e201 elementor-section-boxed elementor-section-height-default elementor-section-height-default\" data-id=\"148e201\" data-element_type=\"section\">\n\t\t\t\t\t\t<div class=\"elementor-container elementor-column-gap-default\">\n\t\t\t\t\t<div class=\"elementor-column elementor-col-100 elementor-top-column elementor-element elementor-element-824ee42\" data-id=\"824ee42\" data-element_type=\"column\">\n\t\t\t<div class=\"elementor-widget-wrap elementor-element-populated\">\n\t\t\t\t\t\t\t\t<div class=\"elementor-element elementor-element-e7d9d2e elementor-widget elementor-widget-text-editor\" data-id=\"e7d9d2e\" data-element_type=\"widget\" data-widget_type=\"text-editor.default\">\n\t\t\t\t<div class=\"elementor-widget-container\">\n\t\t\t<style>\/*! elementor - v3.6.6 - 08-06-2022 *\/\n.elementor-widget-text-editor.elementor-drop-cap-view-stacked .elementor-drop-cap{background-color:#818a91;color:#fff}.elementor-widget-text-editor.elementor-drop-cap-view-framed .elementor-drop-cap{color:#818a91;border:3px solid;background-color:transparent}.elementor-widget-text-editor:not(.elementor-drop-cap-view-default) .elementor-drop-cap{margin-top:8px}.elementor-widget-text-editor:not(.elementor-drop-cap-view-default) .elementor-drop-cap-letter{width:1em;height:1em}.elementor-widget-text-editor .elementor-drop-cap{float:left;text-align:center;line-height:1;font-size:50px}.elementor-widget-text-editor .elementor-drop-cap-letter{display:inline-block}<\/style>\t\t\t\t<p>Sede Principal<\/p><p>Sede Buenos Aires<\/p><p>Sede Santa Barbara<\/p><p>Sede c\u00famina<\/p><p>Sede Hatillo<\/p><p>Sede palmera<\/p><p>Sede Camelia<\/p><p>Sede Verd\u00fan<\/p><p>Sede Uni\u00f3n<\/p><div>\u00a0Jornada Ma\u00f1ana en toda la Instituci\u00f3n<\/div>\t\t\t\t\t\t<\/div>\n\t\t\t\t<\/div>\n\t\t\t\t\t<\/div>\n\t\t<\/div>\n\t\t\t\t\t\t\t<\/div>\n\t\t<\/section>\n\t\t\t\t\t\t\t<\/div>\n\t\t","protected":false},"excerpt":{"rendered":"<p>Sede Principal Sede Buenos Aires Sede Santa Barbara Sede c\u00famina Sede Hatillo Sede palmera Sede Camelia Sede Verd\u00fan Sede Uni\u00f3n \u00a0Jornada Ma\u00f1ana en toda la Instituci\u00f3n<\/p>\n","protected":false},"author":1,"featured_media":0,"parent":0,"menu_order":0,"comment_status":"closed","ping_status":"closed","template":"","meta":{"footnotes":""},"class_list":["post-2359","page","type-page","status-publish","hentry"],"_links":{"self":[{"href":"https:\/\/iga.edu.co\/index.php\/wp-json\/wp\/v2\/pages\/2359","targetHints":{"allow":["GET"]}}],"collection":[{"href":"https:\/\/iga.edu.co\/index.php\/wp-json\/wp\/v2\/pages"}],"about":[{"href":"https:\/\/iga.edu.co\/index.php\/wp-json\/wp\/v2\/types\/page"}],"author":[{"embeddable":true,"href":"https:\/\/iga.edu.co\/index.php\/wp-json\/wp\/v2\/users\/1"}],"replies":[{"embeddable":true,"href":"https:\/\/iga.edu.co\/index.php\/wp-json\/wp\/v2\/comments?post=2359"}],"version-history":[{"count":10,"href":"https:\/\/iga.edu.co\/index.php\/wp-json\/wp\/v2\/pages\/2359\/revisions"}],"predecessor-version":[{"id":2559,"href":"https:\/\/iga.edu.co\/index.php\/wp-json\/wp\/v2\/pages\/2359\/revisions\/2559"}],"wp:attachment":[{"href":"https:\/\/iga.edu.co\/index.php\/wp-json\/wp\/v2\/media?parent=2359"}],"curies":[{"name":"wp","href":"https:\/\/api.w.org\/{rel}","templated":true}]}}