{"id":2347,"date":"2022-06-09T14:11:43","date_gmt":"2022-06-09T14:11:43","guid":{"rendered":"http:\/\/iga.edu.co\/?page_id=2347"},"modified":"2023-02-09T00:14:02","modified_gmt":"2023-02-09T00:14:02","slug":"mision-y-vision","status":"publish","type":"page","link":"https:\/\/iga.edu.co\/index.php\/mision-y-vision\/","title":{"rendered":"MISION Y VISION"},"content":{"rendered":"\n<p class=\"has-large-font-size\"><strong>MISION<\/strong><\/p>\n\n\n\n<p><\/p>\n\n\n\n<p>Formar personas integrales y competitivas con conciencia transformadora de su medio social y ambiental que propendan a una mejor calidad de vida, basada en valores morales a trav\u00e9s de la potenciaci\u00f3n de sus capacidades, habilidades, actitudes y aptitudes.<\/p>\n\n\n\n<p class=\"has-large-font-size\">VISION<\/p>\n\n\n\n<p><\/p>\n\n\n\n<p>Para el 2028 la Instituci\u00f3n se posicionar\u00e1 como un centro de alta calidad humana, \u00e9tica y acad\u00e9mica evidenciado en personas con un proyecto de vida que lo haga competente en su quehacer cotidiano y respetuoso de su ambiente.<\/p>\n","protected":false},"excerpt":{"rendered":"<p>MISION Formar personas integrales y competitivas con conciencia transformadora de su medio social y ambiental que propendan a una mejor calidad de vida, basada en valores<span class=\"excerpt-hellip\"> [\u2026]<\/span><\/p>\n","protected":false},"author":1,"featured_media":0,"parent":0,"menu_order":0,"comment_status":"closed","ping_status":"closed","template":"","meta":{"footnotes":""},"class_list":["post-2347","page","type-page","status-publish","hentry"],"_links":{"self":[{"href":"https:\/\/iga.edu.co\/index.php\/wp-json\/wp\/v2\/pages\/2347","targetHints":{"allow":["GET"]}}],"collection":[{"href":"https:\/\/iga.edu.co\/index.php\/wp-json\/wp\/v2\/pages"}],"about":[{"href":"https:\/\/iga.edu.co\/index.php\/wp-json\/wp\/v2\/types\/page"}],"author":[{"embeddable":true,"href":"https:\/\/iga.edu.co\/index.php\/wp-json\/wp\/v2\/users\/1"}],"replies":[{"embeddable":true,"href":"https:\/\/iga.edu.co\/index.php\/wp-json\/wp\/v2\/comments?post=2347"}],"version-history":[{"count":4,"href":"https:\/\/iga.edu.co\/index.php\/wp-json\/wp\/v2\/pages\/2347\/revisions"}],"predecessor-version":[{"id":2608,"href":"https:\/\/iga.edu.co\/index.php\/wp-json\/wp\/v2\/pages\/2347\/revisions\/2608"}],"wp:attachment":[{"href":"https:\/\/iga.edu.co\/index.php\/wp-json\/wp\/v2\/media?parent=2347"}],"curies":[{"name":"wp","href":"https:\/\/api.w.org\/{rel}","templated":true}]}}